{"id":1905,"date":"2026-02-27T16:39:07","date_gmt":"2026-02-27T16:39:07","guid":{"rendered":"https:\/\/goorderz.hu\/?page_id=1905"},"modified":"2026-02-27T16:42:17","modified_gmt":"2026-02-27T16:42:17","slug":"palyazati-adatok","status":"publish","type":"page","link":"https:\/\/goorderz.hu\/en\/palyazati-adatok\/","title":{"rendered":"Application data"},"content":{"rendered":"<div data-elementor-type=\"wp-page\" data-elementor-id=\"1905\" class=\"elementor elementor-1905\">\n\t\t\t\t<div class=\"elementor-element elementor-element-335ac57 e-flex e-con-boxed e-con e-parent\" data-id=\"335ac57\" data-element_type=\"container\" data-e-type=\"container\">\n\t\t\t\t\t<div class=\"e-con-inner\">\n\t\t\t\t<div class=\"elementor-element elementor-element-f4a7438 elementor-widget elementor-widget-heading\" data-id=\"f4a7438\" data-element_type=\"widget\" data-e-type=\"widget\" data-widget_type=\"heading.default\">\n\t\t\t\t<div class=\"elementor-widget-container\">\n\t\t\t\t\t<h2 class=\"elementor-heading-title elementor-size-default\">P\u00c1LY\u00c1ZATI ADATOK\n<\/br>GINOP-8.1.3\/A-16<\/h2>\t\t\t\t<\/div>\n\t\t\t\t<\/div>\n\t\t\t\t<div class=\"elementor-element elementor-element-4df5c59 elementor-widget elementor-widget-text-editor\" data-id=\"4df5c59\" data-element_type=\"widget\" data-e-type=\"widget\" data-widget_type=\"text-editor.default\">\n\t\t\t\t<div class=\"elementor-widget-container\">\n\t\t\t\t\t\t\t\t\t<div class=\"elementor-element elementor-element-6434db7 elementor-widget elementor-widget-text-editor\" data-id=\"6434db7\" data-element_type=\"widget\" data-widget_type=\"text-editor.default\"><div class=\"elementor-widget-container\"><h3>Inkub\u00e1ci\u00f3s Befektet\u00e9s<\/h3><p>A kedvezm\u00e9nyezett neve:\u00a0<strong>GoOrderz Kft.<\/strong><\/p><p>Projekt c\u00edm:\u00a0<strong>\u00c9ttermi rendel\u00e9seket kezel\u0151 komplex szoftver fejleszt\u00e9se \u00e9s \u00fczemeltet\u00e9se<\/strong><\/p><p>Szerz\u0151d\u00f6tt t\u00e1mogat\u00e1s \u00f6sszege: 15,000,000 Forint<\/p><p>Projekt tervezett befejez\u00e9si d\u00e1tuma: 2022 augusztus<\/p><p>Projekt azonos\u00edt\u00f3sz\u00e1ma: GINOP-8.2.3-17 Specializ\u00e1lt seed \u00e9s pre-seed befektet\u00e9si t\u0151kealap indul\u00f3 IKT v\u00e1llalkoz\u00e1sok sz\u00e1m\u00e1ra \u00faj \u00f6tletekhez, \u00faj piacra l\u00e9p\u00e9shez kock\u00e1zati t\u0151keprogram<\/p><p>Projekt tartalma: Vend\u00e9gl\u00e1t\u00f3 Szoftver \u00e9s online \u00e9telkisz\u00e1ll\u00edt\u00f3s applik\u00e1ci\u00f3k fejleszt\u00e9se<\/p><p><a href=\"https:\/\/www.szechenyi2020.hu\/\" target=\"_blank\" rel=\"noopener\">https:\/\/www.szechenyi2020.hu<\/a><br \/><a href=\"https:\/\/hiventures.hu\/\" target=\"_blank\" rel=\"noopener\">https:\/\/hiventures.hu<\/a><\/p><\/div><\/div><div class=\"elementor-element elementor-element-1c47f1f elementor-widget elementor-widget-text-editor\" data-id=\"1c47f1f\" data-element_type=\"widget\" data-widget_type=\"text-editor.default\"><div class=\"elementor-widget-container\"><h3>Inkub\u00e1ci\u00f3s Plusz Befektet\u00e9s<\/h3><p>A kedvezm\u00e9nyezett neve:\u00a0<strong>GoOrderz Kft.<\/strong><\/p><p>Projekt c\u00edm:\u00a0<strong>\u00c9ttermi rendel\u00e9seket kezel\u0151 komplex szoftver fejleszt\u00e9se \u00e9s \u00fczemeltet\u00e9se<\/strong><\/p><p>Szerz\u0151d\u00f6tt t\u00e1mogat\u00e1s \u00f6sszege: 40,000,000 Forint<\/p><p>Projekt tervezett befejez\u00e9si d\u00e1tuma: 2023 m\u00e1jus<\/p><p>Projekt azonos\u00edt\u00f3sz\u00e1ma: GINOP-8.1.3\/A-16 NEMZETI TECHNOL\u00d3GIAI \u00c9S SZELLEMI TULAJDON KOCK\u00c1ZATI T\u0150KEPROGRAM<\/p><p>Projekt tartalma: Vend\u00e9gl\u00e1t\u00f3 Szoftver \u00e9s online \u00e9telkisz\u00e1ll\u00edt\u00f3s applik\u00e1ci\u00f3k fejleszt\u00e9se<\/p><p><a href=\"https:\/\/www.szechenyi2020.hu\/\" target=\"_blank\" rel=\"noopener\">https:\/\/www.szechenyi2020.hu<\/a><br \/><a href=\"https:\/\/hiventures.hu\/\" target=\"_blank\" rel=\"noopener\">https:\/\/hiventures.hu<\/a><\/p><\/div><\/div><div class=\"elementor-element elementor-element-75c50c4 elementor-widget elementor-widget-text-editor\" data-id=\"75c50c4\" data-element_type=\"widget\" data-widget_type=\"text-editor.default\"><div class=\"elementor-widget-container\"><h3>MAGVET\u0150\u00a0Befektet\u00e9s<\/h3><p>A kedvezm\u00e9nyezett neve:\u00a0<strong>GoOrderz Kft.<\/strong><\/p><p>Projekt c\u00edm:\u00a0<strong>\u00c9ttermi rendel\u00e9seket kezel\u0151 komplex szoftver fejleszt\u00e9se \u00e9s \u00fczemeltet\u00e9se<\/strong><\/p><p>Szerz\u0151d\u00f6tt t\u00e1mogat\u00e1s \u00f6sszege: 220,000,000 Forint<\/p><p>Projekt tervezett befejez\u00e9si d\u00e1tuma: 2028 augusztus<\/p><p>Projekt azonos\u00edt\u00f3sz\u00e1ma: GINOP-8.2.5-17 \u00dcZLETI INFOKOMMUNIK\u00c1CI\u00d3S, DIGITALIZ\u00c1CI\u00d3S T\u0150KEALAP<\/p><p>Projekt tartalma: Vend\u00e9gl\u00e1t\u00f3 Szoftver \u00e9s online \u00e9telkisz\u00e1ll\u00edt\u00f3s applik\u00e1ci\u00f3k fejleszt\u00e9se<\/p><p><a href=\"https:\/\/www.szechenyi2020.hu\/\" target=\"_blank\" rel=\"noopener\">https:\/\/www.szechenyi2020.hu<\/a><br \/><a href=\"https:\/\/hiventures.hu\/\" target=\"_blank\" rel=\"noopener\">https:\/\/hiventures.hu<\/a><\/p><\/div><\/div>\t\t\t\t\t\t\t\t<\/div>\n\t\t\t\t<\/div>\n\t\t\t\t\t<\/div>\n\t\t\t\t<\/div>\n\t\t\t\t<\/div>","protected":false},"excerpt":{"rendered":"<p>P\u00c1LY\u00c1ZATI ADATOK GINOP-8.1.3\/A-16 Inkub\u00e1ci\u00f3s Befektet\u00e9s A kedvezm\u00e9nyezett neve:\u00a0GoOrderz Kft. Projekt c\u00edm:\u00a0\u00c9ttermi rendel\u00e9seket kezel\u0151 komplex szoftver fejleszt\u00e9se \u00e9s \u00fczemeltet\u00e9se Szerz\u0151d\u00f6tt t\u00e1mogat\u00e1s [&hellip;]<\/p>\n","protected":false},"author":2,"featured_media":0,"parent":0,"menu_order":0,"comment_status":"closed","ping_status":"closed","template":"","meta":{"site-sidebar-layout":"no-sidebar","site-content-layout":"page-builder","ast-site-content-layout":"full-width-container","site-content-style":"default","site-sidebar-style":"default","ast-global-header-display":"","ast-banner-title-visibility":"","ast-main-header-display":"","ast-hfb-above-header-display":"","ast-hfb-below-header-display":"","ast-hfb-mobile-header-display":"","site-post-title":"disabled","ast-breadcrumbs-content":"","ast-featured-img":"disabled","footer-sml-layout":"","ast-disable-related-posts":"","theme-transparent-header-meta":"","adv-header-id-meta":"","stick-header-meta":"","header-above-stick-meta":"","header-main-stick-meta":"","header-below-stick-meta":"","astra-migrate-meta-layouts":"default","ast-page-background-enabled":"default","ast-page-background-meta":{"desktop":{"background-color":"var(--ast-global-color-4)","background-image":"","background-repeat":"repeat","background-position":"center center","background-size":"auto","background-attachment":"scroll","background-type":"","background-media":"","overlay-type":"","overlay-color":"","overlay-opacity":"","overlay-gradient":""},"tablet":{"background-color":"","background-image":"","background-repeat":"repeat","background-position":"center center","background-size":"auto","background-attachment":"scroll","background-type":"","background-media":"","overlay-type":"","overlay-color":"","overlay-opacity":"","overlay-gradient":""},"mobile":{"background-color":"","background-image":"","background-repeat":"repeat","background-position":"center center","background-size":"auto","background-attachment":"scroll","background-type":"","background-media":"","overlay-type":"","overlay-color":"","overlay-opacity":"","overlay-gradient":""}},"ast-content-background-meta":{"desktop":{"background-color":"var(--ast-global-color-5)","background-image":"","background-repeat":"repeat","background-position":"center center","background-size":"auto","background-attachment":"scroll","background-type":"","background-media":"","overlay-type":"","overlay-color":"","overlay-opacity":"","overlay-gradient":""},"tablet":{"background-color":"var(--ast-global-color-5)","background-image":"","background-repeat":"repeat","background-position":"center center","background-size":"auto","background-attachment":"scroll","background-type":"","background-media":"","overlay-type":"","overlay-color":"","overlay-opacity":"","overlay-gradient":""},"mobile":{"background-color":"var(--ast-global-color-5)","background-image":"","background-repeat":"repeat","background-position":"center center","background-size":"auto","background-attachment":"scroll","background-type":"","background-media":"","overlay-type":"","overlay-color":"","overlay-opacity":"","overlay-gradient":""}},"footnotes":""},"class_list":["post-1905","page","type-page","status-publish","hentry"],"_links":{"self":[{"href":"https:\/\/goorderz.hu\/en\/wp-json\/wp\/v2\/pages\/1905","targetHints":{"allow":["GET"]}}],"collection":[{"href":"https:\/\/goorderz.hu\/en\/wp-json\/wp\/v2\/pages"}],"about":[{"href":"https:\/\/goorderz.hu\/en\/wp-json\/wp\/v2\/types\/page"}],"author":[{"embeddable":true,"href":"https:\/\/goorderz.hu\/en\/wp-json\/wp\/v2\/users\/2"}],"replies":[{"embeddable":true,"href":"https:\/\/goorderz.hu\/en\/wp-json\/wp\/v2\/comments?post=1905"}],"version-history":[{"count":7,"href":"https:\/\/goorderz.hu\/en\/wp-json\/wp\/v2\/pages\/1905\/revisions"}],"predecessor-version":[{"id":1913,"href":"https:\/\/goorderz.hu\/en\/wp-json\/wp\/v2\/pages\/1905\/revisions\/1913"}],"wp:attachment":[{"href":"https:\/\/goorderz.hu\/en\/wp-json\/wp\/v2\/media?parent=1905"}],"curies":[{"name":"wp","href":"https:\/\/api.w.org\/{rel}","templated":true}]}}