{"id":1892,"date":"2026-02-27T13:47:21","date_gmt":"2026-02-27T13:47:21","guid":{"rendered":"https:\/\/goorderz.hu\/?page_id=1892"},"modified":"2026-02-27T13:51:40","modified_gmt":"2026-02-27T13:51:40","slug":"impresszum","status":"publish","type":"page","link":"https:\/\/goorderz.hu\/en\/impresszum\/","title":{"rendered":"Imprint"},"content":{"rendered":"<div data-elementor-type=\"wp-page\" data-elementor-id=\"1892\" class=\"elementor elementor-1892\">\n\t\t\t\t<div class=\"elementor-element elementor-element-911b114 e-flex e-con-boxed e-con e-parent\" data-id=\"911b114\" data-element_type=\"container\" data-e-type=\"container\">\n\t\t\t\t\t<div class=\"e-con-inner\">\n\t\t\t\t<div class=\"elementor-element elementor-element-c70ca18 elementor-widget elementor-widget-heading\" data-id=\"c70ca18\" data-element_type=\"widget\" data-e-type=\"widget\" data-widget_type=\"heading.default\">\n\t\t\t\t<div class=\"elementor-widget-container\">\n\t\t\t\t\t<h2 class=\"elementor-heading-title elementor-size-default\">Imprint\n<\/h2>\t\t\t\t<\/div>\n\t\t\t\t<\/div>\n\t\t\t\t<div class=\"elementor-element elementor-element-ce7af61 elementor-widget elementor-widget-text-editor\" data-id=\"ce7af61\" data-element_type=\"widget\" data-e-type=\"widget\" data-widget_type=\"text-editor.default\">\n\t\t\t\t<div class=\"elementor-widget-container\">\n\t\t\t\t\t\t\t\t\t<h3>GoOrderz Kft.<\/h3>\n<p>Sz\u00e9khely: 6630 Mindszent, K\u00fclter\u00fclet 0162\/15 hrsz.<\/p>\n<p>Ad\u00f3sz\u00e1m: 27526545-2-06<\/p>\n<p>C\u00e9gjegyz\u00e9ksz\u00e1m: 06-09-027493<\/p>\n<p>Mobil: +36 1 700 8871<\/p>\n<p>E-mail:&nbsp;info@goorderz.hu<\/p>\n<p>\u00dcgyvezet\u0151: Bencze Istv\u00e1n<\/p>\n<h3>T\u00e1rhely szolg\u00e1ltat\u00f3:<\/h3>\n<p><span style=\"font-style: inherit; font-weight: inherit;\">e-Otthon Kft.<\/span><\/p><p>Sz\u00e9khely: 6630 Mindszent, K\u00fclter\u00fclet 0162\/15 hrsz.<\/p><p><span style=\"font-style: inherit; font-weight: inherit;\">Ad\u00f3sz\u00e1m: 27292763-2-06; HU27292763<\/span><\/p>\n<p>El\u00e9rhet\u0151s\u00e9gek: +36 1 700 8871, office@eotthonkft.hu<\/p>\n<h4>H\u00edrlev\u00e9l szoftver \u00fczemeltet\u0151je:<\/h4>\n<p>Jelenleg nincsenek h\u00edrlevelek<\/p>\t\t\t\t\t\t\t\t<\/div>\n\t\t\t\t<\/div>\n\t\t\t\t\t<\/div>\n\t\t\t\t<\/div>\n\t\t\t\t<\/div>","protected":false},"excerpt":{"rendered":"<p>Impresszum GoOrderz Kft. Sz\u00e9khely: 6630 Mindszent, K\u00fclter\u00fclet 0162\/15 hrsz. Ad\u00f3sz\u00e1m: 27526545-2-06 C\u00e9gjegyz\u00e9ksz\u00e1m: 06-09-027493 Mobil: +36 1 700 8871 E-mail:&nbsp;info@goorderz.hu \u00dcgyvezet\u0151: [&hellip;]<\/p>\n","protected":false},"author":2,"featured_media":0,"parent":0,"menu_order":0,"comment_status":"closed","ping_status":"closed","template":"","meta":{"site-sidebar-layout":"no-sidebar","site-content-layout":"page-builder","ast-site-content-layout":"full-width-container","site-content-style":"unboxed","site-sidebar-style":"unboxed","ast-global-header-display":"","ast-banner-title-visibility":"","ast-main-header-display":"","ast-hfb-above-header-display":"","ast-hfb-below-header-display":"","ast-hfb-mobile-header-display":"","site-post-title":"disabled","ast-breadcrumbs-content":"","ast-featured-img":"disabled","footer-sml-layout":"","ast-disable-related-posts":"","theme-transparent-header-meta":"","adv-header-id-meta":"","stick-header-meta":"","header-above-stick-meta":"","header-main-stick-meta":"","header-below-stick-meta":"","astra-migrate-meta-layouts":"set","ast-page-background-enabled":"default","ast-page-background-meta":{"desktop":{"background-color":"var(--ast-global-color-4)","background-image":"","background-repeat":"repeat","background-position":"center center","background-size":"auto","background-attachment":"scroll","background-type":"","background-media":"","overlay-type":"","overlay-color":"","overlay-opacity":"","overlay-gradient":""},"tablet":{"background-color":"","background-image":"","background-repeat":"repeat","background-position":"center center","background-size":"auto","background-attachment":"scroll","background-type":"","background-media":"","overlay-type":"","overlay-color":"","overlay-opacity":"","overlay-gradient":""},"mobile":{"background-color":"","background-image":"","background-repeat":"repeat","background-position":"center center","background-size":"auto","background-attachment":"scroll","background-type":"","background-media":"","overlay-type":"","overlay-color":"","overlay-opacity":"","overlay-gradient":""}},"ast-content-background-meta":{"desktop":{"background-color":"var(--ast-global-color-5)","background-image":"","background-repeat":"repeat","background-position":"center center","background-size":"auto","background-attachment":"scroll","background-type":"","background-media":"","overlay-type":"","overlay-color":"","overlay-opacity":"","overlay-gradient":""},"tablet":{"background-color":"var(--ast-global-color-5)","background-image":"","background-repeat":"repeat","background-position":"center center","background-size":"auto","background-attachment":"scroll","background-type":"","background-media":"","overlay-type":"","overlay-color":"","overlay-opacity":"","overlay-gradient":""},"mobile":{"background-color":"var(--ast-global-color-5)","background-image":"","background-repeat":"repeat","background-position":"center center","background-size":"auto","background-attachment":"scroll","background-type":"","background-media":"","overlay-type":"","overlay-color":"","overlay-opacity":"","overlay-gradient":""}},"footnotes":""},"class_list":["post-1892","page","type-page","status-publish","hentry"],"_links":{"self":[{"href":"https:\/\/goorderz.hu\/en\/wp-json\/wp\/v2\/pages\/1892","targetHints":{"allow":["GET"]}}],"collection":[{"href":"https:\/\/goorderz.hu\/en\/wp-json\/wp\/v2\/pages"}],"about":[{"href":"https:\/\/goorderz.hu\/en\/wp-json\/wp\/v2\/types\/page"}],"author":[{"embeddable":true,"href":"https:\/\/goorderz.hu\/en\/wp-json\/wp\/v2\/users\/2"}],"replies":[{"embeddable":true,"href":"https:\/\/goorderz.hu\/en\/wp-json\/wp\/v2\/comments?post=1892"}],"version-history":[{"count":5,"href":"https:\/\/goorderz.hu\/en\/wp-json\/wp\/v2\/pages\/1892\/revisions"}],"predecessor-version":[{"id":1897,"href":"https:\/\/goorderz.hu\/en\/wp-json\/wp\/v2\/pages\/1892\/revisions\/1897"}],"wp:attachment":[{"href":"https:\/\/goorderz.hu\/en\/wp-json\/wp\/v2\/media?parent=1892"}],"curies":[{"name":"wp","href":"https:\/\/api.w.org\/{rel}","templated":true}]}}