{"id":1866,"date":"2026-02-27T12:07:06","date_gmt":"2026-02-27T12:07:06","guid":{"rendered":"https:\/\/goorderz.hu\/?page_id=1866"},"modified":"2026-02-28T23:49:17","modified_gmt":"2026-02-28T23:49:17","slug":"cookie-tajekoztato","status":"publish","type":"page","link":"https:\/\/goorderz.hu\/en\/cookie-tajekoztato\/","title":{"rendered":"Cookie Policy"},"content":{"rendered":"<div data-elementor-type=\"wp-page\" data-elementor-id=\"1866\" class=\"elementor elementor-1866\">\n\t\t\t\t<div class=\"elementor-element elementor-element-1300437 e-con-full e-flex e-con e-parent\" data-id=\"1300437\" data-element_type=\"container\" data-e-type=\"container\">\n\t\t\t\t<div class=\"elementor-element elementor-element-26de132 elementor-widget elementor-widget-heading\" data-id=\"26de132\" data-element_type=\"widget\" data-e-type=\"widget\" data-widget_type=\"heading.default\">\n\t\t\t\t<div class=\"elementor-widget-container\">\n\t\t\t\t\t<h2 class=\"elementor-heading-title elementor-size-default\">COOKIE T\u00c1J\u00c9KOZTAT\u00d3<\/h2>\t\t\t\t<\/div>\n\t\t\t\t<\/div>\n\t\t\t\t<div class=\"elementor-element elementor-element-7c43064 elementor-widget elementor-widget-text-editor\" data-id=\"7c43064\" data-element_type=\"widget\" data-e-type=\"widget\" data-widget_type=\"text-editor.default\">\n\t\t\t\t<div class=\"elementor-widget-container\">\n\t\t\t\t\t\t\t\t\t<p data-start=\"383\" data-end=\"398\"><strong data-start=\"383\" data-end=\"398\">goorderz.hu<\/strong><\/p><p data-start=\"400\" data-end=\"532\">Hat\u00e1lyos: 2026.03.01.<br data-start=\"421\" data-end=\"424\" \/>\u00dczemeltet\u0151: <strong data-start=\"436\" data-end=\"453\">GoOrderz Kft.<\/strong><br data-start=\"453\" data-end=\"456\" \/>Sz\u00e9khely: 6630 Mindszent k\u00fclter\u00fclet 0162\/15 hrsz<br data-start=\"504\" data-end=\"507\" \/>Email: <a rel=\"noopener\" data-start=\"514\" data-end=\"530\">info@goorderz.hu<\/a><\/p><hr data-start=\"534\" data-end=\"537\" \/><h2 data-start=\"539\" data-end=\"567\">1. Mi az a cookie (s\u00fcti)?<\/h2><p data-start=\"569\" data-end=\"735\">A cookie egy kis adatf\u00e1jl, amelyet a weboldal a l\u00e1togat\u00f3 eszk\u00f6z\u00e9n (sz\u00e1m\u00edt\u00f3g\u00e9p, mobil, tablet) helyez el a jobb m\u0171k\u00f6d\u00e9s \u00e9s a felhaszn\u00e1l\u00f3i \u00e9lm\u00e9ny biztos\u00edt\u00e1sa \u00e9rdek\u00e9ben.<\/p><hr data-start=\"737\" data-end=\"740\" \/><h2 data-start=\"742\" data-end=\"774\">2. Jelenleg haszn\u00e1lt cookie-k<\/h2><h3 data-start=\"776\" data-end=\"814\">2.1 Sz\u00fcks\u00e9ges (technikai) cookie-k<\/h3><div><div tabindex=\"-1\"><table data-start=\"816\" data-end=\"1066\"><thead data-start=\"816\" data-end=\"869\"><tr data-start=\"816\" data-end=\"869\"><th data-start=\"816\" data-end=\"830\" data-col-size=\"sm\">Cookie neve<\/th><th data-start=\"830\" data-end=\"844\" data-col-size=\"sm\">Szolg\u00e1ltat\u00f3<\/th><th data-start=\"844\" data-end=\"850\" data-col-size=\"md\">C\u00e9l<\/th><th data-start=\"850\" data-end=\"860\" data-col-size=\"sm\">Lej\u00e1rat<\/th><th data-start=\"860\" data-end=\"869\" data-col-size=\"sm\">T\u00edpus<\/th><\/tr><\/thead><tbody data-start=\"925\" data-end=\"1066\"><tr data-start=\"925\" data-end=\"1066\"><td data-start=\"925\" data-end=\"951\" data-col-size=\"sm\">wpEmojiSettingsSupports<\/td><td data-col-size=\"sm\" data-start=\"951\" data-end=\"963\">WordPress<\/td><td data-col-size=\"md\" data-start=\"963\" data-end=\"1035\">Annak ellen\u0151rz\u00e9se, hogy a b\u00f6ng\u00e9sz\u0151 t\u00e1mogatja-e az emoji megjelen\u00edt\u00e9st<\/td><td data-col-size=\"sm\" data-start=\"1035\" data-end=\"1053\">Munkamenet v\u00e9ge<\/td><td data-col-size=\"sm\" data-start=\"1053\" data-end=\"1066\">Sz\u00fcks\u00e9ges<\/td><\/tr><\/tbody><\/table><\/div><\/div><p data-start=\"1068\" data-end=\"1190\">Ezek a cookie-k a weboldal megfelel\u0151 m\u0171k\u00f6d\u00e9s\u00e9hez elengedhetetlenek, ez\u00e9rt haszn\u00e1latukhoz nem sz\u00fcks\u00e9ges k\u00fcl\u00f6n hozz\u00e1j\u00e1rul\u00e1s.<\/p><hr data-start=\"1192\" data-end=\"1195\" \/><h2 data-start=\"1197\" data-end=\"1239\">3. Tervezett cookie-k (bevezet\u00e9s alatt)<\/h2><p data-start=\"1241\" data-end=\"1307\">A weboldal a j\u00f6v\u0151ben az al\u00e1bbi szolg\u00e1ltat\u00e1sokat k\u00edv\u00e1nja haszn\u00e1lni:<\/p><h3 data-start=\"1309\" data-end=\"1355\">3.1 Google Analytics (statisztikai c\u00e9lb\u00f3l)<\/h3><p data-start=\"1357\" data-end=\"1401\">Szolg\u00e1ltat\u00f3: Google Ireland Limited<br data-start=\"1392\" data-end=\"1395\" \/>C\u00e9l:<\/p><ul data-start=\"1402\" data-end=\"1516\"><li data-start=\"1402\" data-end=\"1436\"><p data-start=\"1404\" data-end=\"1436\">L\u00e1togatotts\u00e1gi adatok elemz\u00e9se<\/p><\/li><li data-start=\"1437\" data-end=\"1475\"><p data-start=\"1439\" data-end=\"1475\">Felhaszn\u00e1l\u00f3i viselked\u00e9s vizsg\u00e1lata<\/p><\/li><li data-start=\"1476\" data-end=\"1516\"><p data-start=\"1478\" data-end=\"1516\">Weboldal teljes\u00edtm\u00e9ny optimaliz\u00e1l\u00e1sa<\/p><\/li><\/ul><p data-start=\"1518\" data-end=\"1537\">Tipikus cookie-k:<\/p><ul data-start=\"1538\" data-end=\"1562\"><li data-start=\"1538\" data-end=\"1545\"><p data-start=\"1540\" data-end=\"1545\">_ga<\/p><\/li><li data-start=\"1546\" data-end=\"1554\"><p data-start=\"1548\" data-end=\"1554\">_gid<\/p><\/li><li data-start=\"1555\" data-end=\"1562\"><p data-start=\"1557\" data-end=\"1562\"><em data-start=\"1557\" data-end=\"1561\">ga<\/em>*<\/p><\/li><\/ul><p data-start=\"1564\" data-end=\"1595\">Lej\u00e1rat: 24 h\u00f3napig terjedhet<\/p><p data-start=\"1597\" data-end=\"1670\">Ezek a cookie-k csak a l\u00e1togat\u00f3 el\u0151zetes hozz\u00e1j\u00e1rul\u00e1sa ut\u00e1n aktiv\u00e1l\u00f3dnak.<\/p><hr data-start=\"1672\" data-end=\"1675\" \/><h3 data-start=\"1677\" data-end=\"1718\">3.2 Facebook Pixel (marketing c\u00e9lb\u00f3l)<\/h3><p data-start=\"1720\" data-end=\"1769\">Szolg\u00e1ltat\u00f3: Meta Platforms Ireland Ltd.<br data-start=\"1760\" data-end=\"1763\" \/>C\u00e9l:<\/p><ul data-start=\"1770\" data-end=\"1844\"><li data-start=\"1770\" data-end=\"1785\"><p data-start=\"1772\" data-end=\"1785\">Remarketing<\/p><\/li><li data-start=\"1786\" data-end=\"1823\"><p data-start=\"1788\" data-end=\"1823\">Hirdet\u00e9sek hat\u00e9konys\u00e1g\u00e1nak m\u00e9r\u00e9se<\/p><\/li><li data-start=\"1824\" data-end=\"1844\"><p data-start=\"1826\" data-end=\"1844\">Konverzi\u00f3k\u00f6vet\u00e9s<\/p><\/li><\/ul><p data-start=\"1846\" data-end=\"1863\">Tipikus cookie:<\/p><ul data-start=\"1864\" data-end=\"1872\"><li data-start=\"1864\" data-end=\"1872\"><p data-start=\"1866\" data-end=\"1872\">_fbp<\/p><\/li><\/ul><p data-start=\"1874\" data-end=\"1903\">Lej\u00e1rat: legfeljebb 3 h\u00f3nap<\/p><p data-start=\"1905\" data-end=\"1985\">Ezek a cookie-k kiz\u00e1r\u00f3lag a l\u00e1togat\u00f3 hozz\u00e1j\u00e1rul\u00e1sa eset\u00e9n ker\u00fclnek alkalmaz\u00e1sra.<\/p><hr data-start=\"1987\" data-end=\"1990\" \/><h2 data-start=\"1992\" data-end=\"2022\">4. Kapcsolatfelv\u00e9teli \u0171rlap<\/h2><p data-start=\"2024\" data-end=\"2129\">A weboldalon el\u00e9rhet\u0151 kapcsolatfelv\u00e9teli \u0171rlap kit\u00f6lt\u00e9se sor\u00e1n a l\u00e1togat\u00f3 az al\u00e1bbi adatokat adhatja meg:<\/p><ul data-start=\"2131\" data-end=\"2201\"><li data-start=\"2131\" data-end=\"2136\"><p data-start=\"2133\" data-end=\"2136\"><span style=\"color: #1e1e1e; font-size: 16px;\">Vend\u00e9gl\u00e1t\u00f3 egys\u00e9g neve<\/span><\/p><\/li><li data-start=\"2131\" data-end=\"2136\"><p data-start=\"2133\" data-end=\"2136\"><span style=\"color: #1e1e1e; font-size: 16px;\">Melyik v\u00e1rosban helyezkedik el a vend\u00e9gl\u00e1t\u00f3 egys\u00e9g?<\/span><\/p><\/li><li data-start=\"2131\" data-end=\"2136\"><p data-start=\"2133\" data-end=\"2136\"><span style=\"color: #1e1e1e; font-size: 16px;\">Teljes n\u00e9v<\/span><\/p><\/li><li data-start=\"2137\" data-end=\"2148\"><p data-start=\"2139\" data-end=\"2148\">Email c\u00edm<\/p><\/li><li data-start=\"2149\" data-end=\"2183\"><p data-start=\"2151\" data-end=\"2183\">Phone number:<\/p><\/li><\/ul><p><span style=\"font-style: inherit; font-weight: inherit;\">Ezen adatok kezel\u00e9se az Adatkezel\u00e9si T\u00e1j\u00e9koztat\u00f3ban meghat\u00e1rozott m\u00f3don t\u00f6rt\u00e9nik.<\/span><\/p><p data-start=\"2286\" data-end=\"2363\">Az \u0171rlap m\u0171k\u00f6d\u00e9s\u00e9hez jelenleg nem kapcsol\u00f3dik marketing vagy k\u00f6vet\u00e9si cookie.<\/p><hr data-start=\"2365\" data-end=\"2368\" \/><h2 data-start=\"2370\" data-end=\"2397\">5. Hozz\u00e1j\u00e1rul\u00e1s kezel\u00e9se<\/h2><p data-start=\"2399\" data-end=\"2486\">Amennyiben a weboldalon statisztikai vagy marketing c\u00e9l\u00fa cookie-k ker\u00fclnek bevezet\u00e9sre:<\/p><ul data-start=\"2488\" data-end=\"2638\"><li data-start=\"2488\" data-end=\"2534\"><p data-start=\"2490\" data-end=\"2534\">A l\u00e1togat\u00f3 el\u0151zetes hozz\u00e1j\u00e1rul\u00e1sa sz\u00fcks\u00e9ges.<\/p><\/li><li data-start=\"2535\" data-end=\"2597\"><p data-start=\"2537\" data-end=\"2597\">A nem sz\u00fcks\u00e9ges cookie-k alap\u00e9rtelmezetten nem aktiv\u00e1l\u00f3dnak.<\/p><\/li><li data-start=\"2598\" data-end=\"2638\"><p data-start=\"2600\" data-end=\"2638\">A hozz\u00e1j\u00e1rul\u00e1s b\u00e1rmikor visszavonhat\u00f3.<\/p><\/li><\/ul><hr data-start=\"2640\" data-end=\"2643\" \/><h2 data-start=\"2645\" data-end=\"2680\">6. Cookie-k kezel\u00e9se b\u00f6ng\u00e9sz\u0151ben<\/h2><p data-start=\"2682\" data-end=\"2733\">A legt\u00f6bb b\u00f6ng\u00e9sz\u0151 lehet\u0151s\u00e9get biztos\u00edt a cookie-k:<\/p><ul data-start=\"2735\" data-end=\"2786\"><li data-start=\"2735\" data-end=\"2746\"><p data-start=\"2737\" data-end=\"2746\">t\u00f6rl\u00e9s\u00e9re<\/p><\/li><li data-start=\"2747\" data-end=\"2758\"><p data-start=\"2749\" data-end=\"2758\">tilt\u00e1s\u00e1ra<\/p><\/li><li data-start=\"2759\" data-end=\"2786\"><p data-start=\"2761\" data-end=\"2786\">automatikus elutas\u00edt\u00e1s\u00e1ra<\/p><\/li><\/ul><p data-start=\"2788\" data-end=\"2873\">A cookie-k letilt\u00e1sa eset\u00e9n a weboldal bizonyos funkci\u00f3i nem m\u0171k\u00f6dhetnek megfelel\u0151en.<\/p><hr data-start=\"2875\" data-end=\"2878\" \/><h2 data-start=\"2880\" data-end=\"2895\">7. Kapcsolat<\/h2><p data-start=\"2897\" data-end=\"2938\">Adatkezel\u00e9ssel kapcsolatos k\u00e9rd\u00e9s eset\u00e9n:<\/p><p data-start=\"2940\" data-end=\"2981\">GoOrderz Kft.<br data-start=\"2953\" data-end=\"2956\" \/>Email: <a rel=\"noopener\" data-start=\"2963\" data-end=\"2979\">info@goorderz.hu<\/a><\/p>\t\t\t\t\t\t\t\t<\/div>\n\t\t\t\t<\/div>\n\t\t\t\t<\/div>\n\t\t\t\t<\/div>","protected":false},"excerpt":{"rendered":"<p>COOKIE T\u00c1J\u00c9KOZTAT\u00d3 goorderz.hu Hat\u00e1lyos: 2026.03.01.\u00dczemeltet\u0151: GoOrderz Kft.Sz\u00e9khely: 6630 Mindszent k\u00fclter\u00fclet 0162\/15 hrszEmail: info@goorderz.hu 1. Mi az a cookie (s\u00fcti)? A [&hellip;]<\/p>\n","protected":false},"author":2,"featured_media":0,"parent":0,"menu_order":0,"comment_status":"closed","ping_status":"closed","template":"","meta":{"site-sidebar-layout":"no-sidebar","site-content-layout":"page-builder","ast-site-content-layout":"full-width-container","site-content-style":"unboxed","site-sidebar-style":"unboxed","ast-global-header-display":"","ast-banner-title-visibility":"","ast-main-header-display":"","ast-hfb-above-header-display":"","ast-hfb-below-header-display":"","ast-hfb-mobile-header-display":"","site-post-title":"disabled","ast-breadcrumbs-content":"","ast-featured-img":"disabled","footer-sml-layout":"","ast-disable-related-posts":"","theme-transparent-header-meta":"","adv-header-id-meta":"","stick-header-meta":"","header-above-stick-meta":"","header-main-stick-meta":"","header-below-stick-meta":"","astra-migrate-meta-layouts":"set","ast-page-background-enabled":"default","ast-page-background-meta":{"desktop":{"background-color":"var(--ast-global-color-4)","background-image":"","background-repeat":"repeat","background-position":"center center","background-size":"auto","background-attachment":"scroll","background-type":"","background-media":"","overlay-type":"","overlay-color":"","overlay-opacity":"","overlay-gradient":""},"tablet":{"background-color":"","background-image":"","background-repeat":"repeat","background-position":"center center","background-size":"auto","background-attachment":"scroll","background-type":"","background-media":"","overlay-type":"","overlay-color":"","overlay-opacity":"","overlay-gradient":""},"mobile":{"background-color":"","background-image":"","background-repeat":"repeat","background-position":"center center","background-size":"auto","background-attachment":"scroll","background-type":"","background-media":"","overlay-type":"","overlay-color":"","overlay-opacity":"","overlay-gradient":""}},"ast-content-background-meta":{"desktop":{"background-color":"var(--ast-global-color-5)","background-image":"","background-repeat":"repeat","background-position":"center center","background-size":"auto","background-attachment":"scroll","background-type":"","background-media":"","overlay-type":"","overlay-color":"","overlay-opacity":"","overlay-gradient":""},"tablet":{"background-color":"var(--ast-global-color-5)","background-image":"","background-repeat":"repeat","background-position":"center center","background-size":"auto","background-attachment":"scroll","background-type":"","background-media":"","overlay-type":"","overlay-color":"","overlay-opacity":"","overlay-gradient":""},"mobile":{"background-color":"var(--ast-global-color-5)","background-image":"","background-repeat":"repeat","background-position":"center center","background-size":"auto","background-attachment":"scroll","background-type":"","background-media":"","overlay-type":"","overlay-color":"","overlay-opacity":"","overlay-gradient":""}},"footnotes":""},"class_list":["post-1866","page","type-page","status-publish","hentry"],"_links":{"self":[{"href":"https:\/\/goorderz.hu\/en\/wp-json\/wp\/v2\/pages\/1866","targetHints":{"allow":["GET"]}}],"collection":[{"href":"https:\/\/goorderz.hu\/en\/wp-json\/wp\/v2\/pages"}],"about":[{"href":"https:\/\/goorderz.hu\/en\/wp-json\/wp\/v2\/types\/page"}],"author":[{"embeddable":true,"href":"https:\/\/goorderz.hu\/en\/wp-json\/wp\/v2\/users\/2"}],"replies":[{"embeddable":true,"href":"https:\/\/goorderz.hu\/en\/wp-json\/wp\/v2\/comments?post=1866"}],"version-history":[{"count":8,"href":"https:\/\/goorderz.hu\/en\/wp-json\/wp\/v2\/pages\/1866\/revisions"}],"predecessor-version":[{"id":1952,"href":"https:\/\/goorderz.hu\/en\/wp-json\/wp\/v2\/pages\/1866\/revisions\/1952"}],"wp:attachment":[{"href":"https:\/\/goorderz.hu\/en\/wp-json\/wp\/v2\/media?parent=1866"}],"curies":[{"name":"wp","href":"https:\/\/api.w.org\/{rel}","templated":true}]}}